{"id":195,"date":"2021-09-15T00:53:44","date_gmt":"2021-09-14T22:53:44","guid":{"rendered":"https:\/\/www.kralovstvicko.cz\/?page_id=195"},"modified":"2021-09-15T00:53:44","modified_gmt":"2021-09-14T22:53:44","slug":"maintenance-udrzba-update-aktualizace","status":"publish","type":"page","link":"https:\/\/www.kralovstvicko.cz\/index.php\/maintenance-udrzba-update-aktualizace\/","title":{"rendered":"Maintenance-\u00dadr\u017eba-Update-Aktualizace"},"content":{"rendered":"\n<p class=\"has-text-align-justify wp-block-paragraph\">Omlouv\u00e1me se, ale na obsahu na\u0161ich str\u00e1nek moment\u00e1ln\u011b pracujeme <\/p>\n\n\n\n<p class=\"wp-block-paragraph\"><\/p>\n","protected":false},"excerpt":{"rendered":"<p>Omlouv\u00e1me se, ale na obsahu na\u0161ich str\u00e1nek moment\u00e1ln\u011b pracujeme<\/p>\n","protected":false},"author":1,"featured_media":0,"parent":0,"menu_order":0,"comment_status":"closed","ping_status":"closed","template":"","meta":{"_editorskit_title_hidden":false,"_editorskit_reading_time":0,"_editorskit_is_block_options_detached":false,"_editorskit_block_options_position":"{}","_crdt_document":"","footnotes":""},"class_list":["post-195","page","type-page","status-publish","hentry","entry"],"_links":{"self":[{"href":"https:\/\/www.kralovstvicko.cz\/index.php\/wp-json\/wp\/v2\/pages\/195","targetHints":{"allow":["GET"]}}],"collection":[{"href":"https:\/\/www.kralovstvicko.cz\/index.php\/wp-json\/wp\/v2\/pages"}],"about":[{"href":"https:\/\/www.kralovstvicko.cz\/index.php\/wp-json\/wp\/v2\/types\/page"}],"author":[{"embeddable":true,"href":"https:\/\/www.kralovstvicko.cz\/index.php\/wp-json\/wp\/v2\/users\/1"}],"replies":[{"embeddable":true,"href":"https:\/\/www.kralovstvicko.cz\/index.php\/wp-json\/wp\/v2\/comments?post=195"}],"version-history":[{"count":1,"href":"https:\/\/www.kralovstvicko.cz\/index.php\/wp-json\/wp\/v2\/pages\/195\/revisions"}],"predecessor-version":[{"id":196,"href":"https:\/\/www.kralovstvicko.cz\/index.php\/wp-json\/wp\/v2\/pages\/195\/revisions\/196"}],"wp:attachment":[{"href":"https:\/\/www.kralovstvicko.cz\/index.php\/wp-json\/wp\/v2\/media?parent=195"}],"curies":[{"name":"wp","href":"https:\/\/api.w.org\/{rel}","templated":true}]}}