{"id":12,"date":"2021-08-01T22:08:50","date_gmt":"2021-08-01T20:08:50","guid":{"rendered":"https:\/\/www.kralovstvicko.cz\/?page_id=12"},"modified":"2022-05-11T12:41:34","modified_gmt":"2022-05-11T10:41:34","slug":"uvodni-stranka","status":"publish","type":"page","link":"https:\/\/www.kralovstvicko.cz\/","title":{"rendered":"\u00davodn\u00ed str\u00e1nka"},"content":{"rendered":"<div class=\"wp-block-image\">\n<figure class=\"aligncenter is-resized\"><img loading=\"lazy\" decoding=\"async\" src=\"https:\/\/www.kralovstvicko.cz\/wp-content\/uploads\/2021\/08\/erb_tmavy.png\" alt=\"\" class=\"wp-image-137\" width=\"208\" height=\"324\"\/><\/figure>\n<\/div>\n\n\n<p class=\"has-drop-cap has-text-align-justify has-normal-font-size wp-block-paragraph\">V\u00edtejte na webov\u00fdch str\u00e1nk\u00e1ch Kr\u00e1lovstv\u00ed\u010dka, velikost\u00ed sice nejmen\u0161\u00edho, ale jedin\u00e9ho skute\u010dn\u011b nez\u00e1visl\u00e9ho a svobodn\u00e9ho kr\u00e1lovstv\u00ed na sv\u011bt\u011b. K n\u00e1v\u0161t\u011bv\u011b u n\u00e1s nepot\u0159ebujete \u017e\u00e1dn\u00fdch cestovn\u00edch formalit, pozv\u00e1n\u00ed, v\u00edz, pas\u016f \u010di jin\u00fdch pr\u016fkaz\u016f toto\u017enosti.    Nemus\u00edte nikam chodit, nepot\u0159ebujete nijak\u00fdch j\u00edzdenek, letenek, nesp\u00e1l\u00edte ani kapku fosiln\u00edho paliva \u010di vod\u00edku a v\u00e1\u0161 elektromobil nespot\u0159ebuje \u017e\u00e1dn\u00fd Watt.  Nav\u00edc v\u00e1m odpadaj\u00ed starosti s hled\u00e1n\u00edm ubytov\u00e1n\u00ed, v\u00fdm\u011bnou valut a tak\u00e9 nep\u0159\u00edjemnosti s balen\u00edm cestovn\u00edch zavazadel a kufr\u016f. Pevn\u011b v\u011b\u0159\u00edme, \u017ee se v\u00e1m bude u n\u00e1s v Kr\u00e1lovstv\u00ed\u010dku l\u00edbit.<\/p>\n\n\n\n<div class=\"wp-block-group\"><div class=\"wp-block-group__inner-container is-layout-flow wp-block-group-is-layout-flow\"><\/div><\/div>\n\n\n\n<div class=\"wp-block-buttons is-horizontal is-content-justification-center is-layout-flex wp-container-core-buttons-is-layout-7d812b4c wp-block-buttons-is-layout-flex\">\n<div class=\"wp-block-button is-style-fill\"><a class=\"wp-block-button__link\" href=\"https:\/\/www.kralovstvicko.cz\/index.php\/druha-stranka\/\">Ra\u010dte d\u00e1le<\/a><\/div>\n<\/div>\n\n\n\n<p class=\"wp-block-paragraph\"><\/p>\n","protected":false},"excerpt":{"rendered":"<p>V\u00edtejte na webov\u00fdch str\u00e1nk\u00e1ch Kr\u00e1lovstv\u00ed\u010dka, velikost\u00ed sice nejmen\u0161\u00edho, ale jedin\u00e9ho skute\u010dn\u011b nez\u00e1visl\u00e9ho a svobodn\u00e9ho kr\u00e1lovstv\u00ed na sv\u011bt\u011b. K n\u00e1v\u0161t\u011bv\u011b u n\u00e1s nepot\u0159ebujete \u017e\u00e1dn\u00fdch cestovn\u00edch formalit, pozv\u00e1n\u00ed, v\u00edz, pas\u016f \u010di jin\u00fdch pr\u016fkaz\u016f toto\u017enosti. Nemus\u00edte nikam chodit, nepot\u0159ebujete nijak\u00fdch j\u00edzdenek, letenek, nesp\u00e1l\u00edte ani kapku fosiln\u00edho paliva \u010di vod\u00edku a v\u00e1\u0161 elektromobil nespot\u0159ebuje \u017e\u00e1dn\u00fd Watt. Nav\u00edc v\u00e1m odpadaj\u00ed&hellip; <a class=\"more-link\" href=\"https:\/\/www.kralovstvicko.cz\/\">Pokra\u010dovat ve\u00a0\u010dten\u00ed <span class=\"screen-reader-text\">\u00davodn\u00ed str\u00e1nka<\/span><\/a><\/p>\n","protected":false},"author":1,"featured_media":0,"parent":0,"menu_order":0,"comment_status":"closed","ping_status":"closed","template":"","meta":{"_editorskit_title_hidden":false,"_editorskit_reading_time":1,"_editorskit_is_block_options_detached":false,"_editorskit_block_options_position":"{}","_crdt_document":"","footnotes":""},"class_list":["post-12","page","type-page","status-publish","hentry","entry"],"_links":{"self":[{"href":"https:\/\/www.kralovstvicko.cz\/index.php\/wp-json\/wp\/v2\/pages\/12","targetHints":{"allow":["GET"]}}],"collection":[{"href":"https:\/\/www.kralovstvicko.cz\/index.php\/wp-json\/wp\/v2\/pages"}],"about":[{"href":"https:\/\/www.kralovstvicko.cz\/index.php\/wp-json\/wp\/v2\/types\/page"}],"author":[{"embeddable":true,"href":"https:\/\/www.kralovstvicko.cz\/index.php\/wp-json\/wp\/v2\/users\/1"}],"replies":[{"embeddable":true,"href":"https:\/\/www.kralovstvicko.cz\/index.php\/wp-json\/wp\/v2\/comments?post=12"}],"version-history":[{"count":24,"href":"https:\/\/www.kralovstvicko.cz\/index.php\/wp-json\/wp\/v2\/pages\/12\/revisions"}],"predecessor-version":[{"id":380,"href":"https:\/\/www.kralovstvicko.cz\/index.php\/wp-json\/wp\/v2\/pages\/12\/revisions\/380"}],"wp:attachment":[{"href":"https:\/\/www.kralovstvicko.cz\/index.php\/wp-json\/wp\/v2\/media?parent=12"}],"curies":[{"name":"wp","href":"https:\/\/api.w.org\/{rel}","templated":true}]}}